{"id":268,"date":"2025-01-14T15:40:30","date_gmt":"2025-01-14T15:40:30","guid":{"rendered":"https:\/\/pulito-solutions.si\/?page_id=268"},"modified":"2026-02-13T11:36:41","modified_gmt":"2026-02-13T11:36:41","slug":"%d1%82%d0%b5%d1%85%d0%bd%d0%b8%d1%87%d0%ba%d0%b0-%d0%bf%d0%be%d0%b4%d1%80%d1%88%d0%ba%d0%b0","status":"publish","type":"page","link":"https:\/\/pulito-solutions.si\/sr\/%d1%82%d0%b5%d1%85%d0%bd%d0%b8%d1%87%d0%ba%d0%b0-%d0%bf%d0%be%d0%b4%d1%80%d1%88%d0%ba%d0%b0\/","title":{"rendered":"Tehni\u010dka podr\u0161ka"},"content":{"rendered":"<section class=\"bde-section-268-100 bde-section\">\n              \n  \n  \n\t\n\n\n\n<div class=\"section-container\"><h2 class=\"bde-heading-268-101 bde-heading\">\nTehni\u010dka podr\u0161ka\n<\/h2><\/div>\n<\/section><section class=\"bde-section-268-112 bde-section\">\n              \n  \n  \n\t\n\n  <div class=\"section-background-overlay\"><\/div>\n\n\n<div class=\"section-container\"><h2 class=\"bde-heading-268-113 bde-heading bde-preset-22a3f4b3-580c-4ddf-806e-8fa48178ebf4\">\nZa servis aparata pozovite\n<\/h2><div class=\"bde-columns-268-114 bde-columns\"><div class=\"bde-column-268-115 bde-column\">\n  \n  \n\t\n\n\n\n<h2 class=\"bde-heading-268-119 bde-heading bde-preset-22a3f4b3-580c-4ddf-806e-8fa48178ebf4\">\n+386 31 750 699\n<\/h2>\n<\/div><div class=\"bde-column-268-117 bde-column\">\n  \n  \n\t\n\n\n\n<div class=\"bde-button-268-118 bde-button\">\n    \n                                    \n    \n    \n    \n    \n            \n                    \n            \n            \n\n    \n    \n    \n    \n    \n    <a class=\"breakdance-link button-atom button-atom--custom bde-button__button\" href=\"tel:+386 31 750 699\" target=\"_self\" data-type=\"contact\"  >\n\n    \n        <span class=\"button-atom__text\">Pozovite odmah<\/span>\n\n        \n        \n                <\/a>\n\n    \n\n\n<\/div>\n<\/div><\/div><\/div>\n<\/section><div class=\"bde-globalblock-268-120 bde-globalblock\">\n<section class=\"bde-section-249-100-249-1 bde-section bde-section-249-100\">\n  \n  \n\t\n\n\n\n<div class=\"section-container\"><h2 class=\"bde-heading-249-101-249-1 bde-heading bde-preset-1b8486e6-1b9e-4ba9-af57-b60498abf9d7 bde-heading-249-101\">\nNa\u0161i brendovi\n<\/h2><div class=\"bde-logo-list-249-102-249-1 bde-logo-list bde-logo-list-249-102 gradient-overlay__both un-image-carousel-container\">\n\n  <div class=\"un-logo-bar__marquee-content carousel-type__stop-on-hover\">\n                            <div class=\"un-logo-bar__logo-wrapper\">\n          <img loading=\"lazy\" decoding=\"async\" class=\"breakdance-image-object\" src=\"https:\/\/pulito-solutions.si\/wp-content\/uploads\/2025\/01\/Frame-2325.svg\" width=\"203\" height=\"88\" sizes=\"auto, (max-width: 203px) 100vw, 203px\">\n        <\/div>\n                              <div class=\"un-logo-bar__logo-wrapper\">\n          <img loading=\"lazy\" decoding=\"async\" class=\"breakdance-image-object\" src=\"https:\/\/pulito-solutions.si\/wp-content\/uploads\/2025\/01\/BWT_Logo-1-1.svg\" width=\"246\" height=\"84\" sizes=\"auto, (max-width: 246px) 100vw, 246px\">\n        <\/div>\n                              <div class=\"un-logo-bar__logo-wrapper\">\n          <img loading=\"lazy\" decoding=\"async\" class=\"breakdance-image-object\" src=\"https:\/\/pulito-solutions.si\/wp-content\/uploads\/2025\/01\/Logo_Kromo_rif_colore-1.svg\" width=\"275\" height=\"73\" sizes=\"auto, (max-width: 275px) 100vw, 275px\">\n        <\/div>\n                              <div class=\"un-logo-bar__logo-wrapper\">\n          <img loading=\"lazy\" decoding=\"async\" class=\"breakdance-image-object\" src=\"https:\/\/pulito-solutions.si\/wp-content\/uploads\/2025\/03\/Scotsman-ice_Logo-1.svg\" width=\"455\" height=\"111\" sizes=\"auto, (max-width: 455px) 100vw, 455px\">\n        <\/div>\n                                        <div class=\"un-logo-bar__logo-wrapper\">\n          <img loading=\"lazy\" decoding=\"async\" class=\"breakdance-image-object\" src=\"https:\/\/pulito-solutions.si\/wp-content\/uploads\/2025\/01\/Frame-2325.svg\" width=\"203\" height=\"88\" sizes=\"auto, (max-width: 203px) 100vw, 203px\">\n        <\/div>\n                              <div class=\"un-logo-bar__logo-wrapper\">\n          <img loading=\"lazy\" decoding=\"async\" class=\"breakdance-image-object\" src=\"https:\/\/pulito-solutions.si\/wp-content\/uploads\/2025\/01\/BWT_Logo-1-1.svg\" width=\"246\" height=\"84\" sizes=\"auto, (max-width: 246px) 100vw, 246px\">\n        <\/div>\n                              <div class=\"un-logo-bar__logo-wrapper\">\n          <img loading=\"lazy\" decoding=\"async\" class=\"breakdance-image-object\" src=\"https:\/\/pulito-solutions.si\/wp-content\/uploads\/2025\/01\/Logo_Kromo_rif_colore-1.svg\" width=\"275\" height=\"73\" sizes=\"auto, (max-width: 275px) 100vw, 275px\">\n        <\/div>\n                              <div class=\"un-logo-bar__logo-wrapper\">\n          <img loading=\"lazy\" decoding=\"async\" class=\"breakdance-image-object\" src=\"https:\/\/pulito-solutions.si\/wp-content\/uploads\/2025\/03\/Scotsman-ice_Logo-1.svg\" width=\"455\" height=\"111\" sizes=\"auto, (max-width: 455px) 100vw, 455px\">\n        <\/div>\n                                        <div class=\"un-logo-bar__logo-wrapper\">\n          <img loading=\"lazy\" decoding=\"async\" class=\"breakdance-image-object\" src=\"https:\/\/pulito-solutions.si\/wp-content\/uploads\/2025\/01\/Frame-2325.svg\" width=\"203\" height=\"88\" sizes=\"auto, (max-width: 203px) 100vw, 203px\">\n        <\/div>\n                              <div class=\"un-logo-bar__logo-wrapper\">\n          <img loading=\"lazy\" decoding=\"async\" class=\"breakdance-image-object\" src=\"https:\/\/pulito-solutions.si\/wp-content\/uploads\/2025\/01\/BWT_Logo-1-1.svg\" width=\"246\" height=\"84\" sizes=\"auto, (max-width: 246px) 100vw, 246px\">\n        <\/div>\n                              <div class=\"un-logo-bar__logo-wrapper\">\n          <img loading=\"lazy\" decoding=\"async\" class=\"breakdance-image-object\" src=\"https:\/\/pulito-solutions.si\/wp-content\/uploads\/2025\/01\/Logo_Kromo_rif_colore-1.svg\" width=\"275\" height=\"73\" sizes=\"auto, (max-width: 275px) 100vw, 275px\">\n        <\/div>\n                              <div class=\"un-logo-bar__logo-wrapper\">\n          <img loading=\"lazy\" decoding=\"async\" class=\"breakdance-image-object\" src=\"https:\/\/pulito-solutions.si\/wp-content\/uploads\/2025\/03\/Scotsman-ice_Logo-1.svg\" width=\"455\" height=\"111\" sizes=\"auto, (max-width: 455px) 100vw, 455px\">\n        <\/div>\n                                        <div class=\"un-logo-bar__logo-wrapper\">\n          <img loading=\"lazy\" decoding=\"async\" class=\"breakdance-image-object\" src=\"https:\/\/pulito-solutions.si\/wp-content\/uploads\/2025\/01\/Frame-2325.svg\" width=\"203\" height=\"88\" sizes=\"auto, (max-width: 203px) 100vw, 203px\">\n        <\/div>\n                              <div class=\"un-logo-bar__logo-wrapper\">\n          <img loading=\"lazy\" decoding=\"async\" class=\"breakdance-image-object\" src=\"https:\/\/pulito-solutions.si\/wp-content\/uploads\/2025\/01\/BWT_Logo-1-1.svg\" width=\"246\" height=\"84\" sizes=\"auto, (max-width: 246px) 100vw, 246px\">\n        <\/div>\n                              <div class=\"un-logo-bar__logo-wrapper\">\n          <img loading=\"lazy\" decoding=\"async\" class=\"breakdance-image-object\" src=\"https:\/\/pulito-solutions.si\/wp-content\/uploads\/2025\/01\/Logo_Kromo_rif_colore-1.svg\" width=\"275\" height=\"73\" sizes=\"auto, (max-width: 275px) 100vw, 275px\">\n        <\/div>\n                              <div class=\"un-logo-bar__logo-wrapper\">\n          <img loading=\"lazy\" decoding=\"async\" class=\"breakdance-image-object\" src=\"https:\/\/pulito-solutions.si\/wp-content\/uploads\/2025\/03\/Scotsman-ice_Logo-1.svg\" width=\"455\" height=\"111\" sizes=\"auto, (max-width: 455px) 100vw, 455px\">\n        <\/div>\n                                        <div class=\"un-logo-bar__logo-wrapper\">\n          <img loading=\"lazy\" decoding=\"async\" class=\"breakdance-image-object\" src=\"https:\/\/pulito-solutions.si\/wp-content\/uploads\/2025\/01\/Frame-2325.svg\" width=\"203\" height=\"88\" sizes=\"auto, (max-width: 203px) 100vw, 203px\">\n        <\/div>\n                              <div class=\"un-logo-bar__logo-wrapper\">\n          <img loading=\"lazy\" decoding=\"async\" class=\"breakdance-image-object\" src=\"https:\/\/pulito-solutions.si\/wp-content\/uploads\/2025\/01\/BWT_Logo-1-1.svg\" width=\"246\" height=\"84\" sizes=\"auto, (max-width: 246px) 100vw, 246px\">\n        <\/div>\n                              <div class=\"un-logo-bar__logo-wrapper\">\n          <img loading=\"lazy\" decoding=\"async\" class=\"breakdance-image-object\" src=\"https:\/\/pulito-solutions.si\/wp-content\/uploads\/2025\/01\/Logo_Kromo_rif_colore-1.svg\" width=\"275\" height=\"73\" sizes=\"auto, (max-width: 275px) 100vw, 275px\">\n        <\/div>\n                              <div class=\"un-logo-bar__logo-wrapper\">\n          <img loading=\"lazy\" decoding=\"async\" class=\"breakdance-image-object\" src=\"https:\/\/pulito-solutions.si\/wp-content\/uploads\/2025\/03\/Scotsman-ice_Logo-1.svg\" width=\"455\" height=\"111\" sizes=\"auto, (max-width: 455px) 100vw, 455px\">\n        <\/div>\n                                        <div class=\"un-logo-bar__logo-wrapper\">\n          <img loading=\"lazy\" decoding=\"async\" class=\"breakdance-image-object\" src=\"https:\/\/pulito-solutions.si\/wp-content\/uploads\/2025\/01\/Frame-2325.svg\" width=\"203\" height=\"88\" sizes=\"auto, (max-width: 203px) 100vw, 203px\">\n        <\/div>\n                              <div class=\"un-logo-bar__logo-wrapper\">\n          <img loading=\"lazy\" decoding=\"async\" class=\"breakdance-image-object\" src=\"https:\/\/pulito-solutions.si\/wp-content\/uploads\/2025\/01\/BWT_Logo-1-1.svg\" width=\"246\" height=\"84\" sizes=\"auto, (max-width: 246px) 100vw, 246px\">\n        <\/div>\n                              <div class=\"un-logo-bar__logo-wrapper\">\n          <img loading=\"lazy\" decoding=\"async\" class=\"breakdance-image-object\" src=\"https:\/\/pulito-solutions.si\/wp-content\/uploads\/2025\/01\/Logo_Kromo_rif_colore-1.svg\" width=\"275\" height=\"73\" sizes=\"auto, (max-width: 275px) 100vw, 275px\">\n        <\/div>\n                              <div class=\"un-logo-bar__logo-wrapper\">\n          <img loading=\"lazy\" decoding=\"async\" class=\"breakdance-image-object\" src=\"https:\/\/pulito-solutions.si\/wp-content\/uploads\/2025\/03\/Scotsman-ice_Logo-1.svg\" width=\"455\" height=\"111\" sizes=\"auto, (max-width: 455px) 100vw, 455px\">\n        <\/div>\n                      <\/div>\n<\/div><\/div>\n<\/section>\n<\/div><section class=\"bde-section-268-121 bde-section\">\n  \n  \n\t\n\n\n\n<div class=\"section-container\"><div class=\"bde-columns-268-122 bde-columns\"><div class=\"bde-column-268-123 bde-column\">\n  \n  \n\t\n\n\n\n<div class=\"bde-div-268-124 bde-div\">\n  \n  \n\t\n\n\n\n<h2 class=\"bde-heading-268-125 bde-heading bde-preset-1b8486e6-1b9e-4ba9-af57-b60498abf9d7\">\n\u041e \u0442\u0435\u0445\u043d\u0438\u0447\u043a\u043e\u0458 \u043f\u043e\u0434\u0440\u0448\u0446\u0438\n<\/h2><div class=\"bde-text-268-126 bde-text bde-preset-fe54dd44-1391-4fee-9889-943e08efaad2\">\n\u041b\u043e\u0440\u0435\u043c \u0438\u043f\u0441\u0443\u043c \u0434\u043e\u043b\u043e\u0440 \u0441\u0438\u0442 \u0430\u043c\u0435\u0442 \u043a\u043e\u043d\u0441\u0435\u043a\u0432\u0435\u0442\u043e\u0440. \u041a\u0440\u0430\u0441 \u043a\u043e\u043d\u0441\u0435\u043a\u0432\u0430\u0442 \u0434\u0438\u0441 \u0430\u0435\u043d\u0435\u0430\u043d \u0442\u0440\u0438\u0441\u0442\u0438\u043a\u0435 \u043b\u0430\u043a\u0443\u0441. \u0423\u0442 \u043a\u0438\u0441 \u0430\u043c\u0435\u0442 \u0430\u0443\u043a\u0442\u043e\u0440 \u0434\u043e\u043d\u0435\u0446 \u043c\u0430\u0441\u0430 \u0432\u0438\u0432\u0435\u0440\u0430\u043d\u0443\u043b\u0430. \u0412\u0435\u043b \u0443\u0442 \u043b\u0430\u0446\u0438\u043d\u0438\u0458\u0430 \u043f\u043e\u0441\u0430\u0443\u0440\u0435 \u0435\u0433\u0435\u0442\u0430 \u0445\u0430\u0431\u0438\u0442\u0430\u043d\u0442 \u0435\u043d\u0438\u043c \u043f\u043b\u0430\u0442\u0435\u0430. \u0412\u0435\u043b \u0443\u0442 \u043b\u0430\u0446\u0438\u043d\u0438\u0458\u0430 \u043f\u043e\u0441\u0430\u0443\u0440\u0435 \u0435\u0433\u0435\u0442\u0430 \u0445\u0430\u0431\u0438\u0442\u0430\u043d\u0442 \u0435\u043d\u0438\u043c \u043f\u043b\u0430\u0442\u0435\u0430.\n<\/div>\n<\/div>\n<\/div><div class=\"bde-column-268-127 bde-column\">\n  \n  \n\t\n\n\n\n<div class=\"bde-div-268-129 bde-div\">\n  \n  \n\t\n\n\n\n<h2 class=\"bde-heading-268-130 bde-heading bde-preset-1b8486e6-1b9e-4ba9-af57-b60498abf9d7\">\n\u041a\u043e\u043c\u0435 \u0458\u0435 \u043f\u043e\u0442\u0440\u0435\u0431\u043d\u043e?\n<\/h2><div class=\"bde-text-268-131 bde-text bde-preset-fe54dd44-1391-4fee-9889-943e08efaad2\">\n\u041b\u043e\u0440\u0435\u043c \u0438\u043f\u0441\u0443\u043c \u0434\u043e\u043b\u043e\u0440 \u0441\u0438\u0442 \u0430\u043c\u0435\u0442 \u043a\u043e\u043d\u0441\u0435\u043a\u0432\u0435\u0442\u043e\u0440. \u041a\u0440\u0430\u0441 \u043a\u043e\u043d\u0441\u0435\u043a\u0432\u0430\u0442 \u0434\u0438\u0441 \u0430\u0435\u043d\u0435\u0430\u043d \u0442\u0440\u0438\u0441\u0442\u0438\u043a\u0435 \u043b\u0430\u043a\u0443\u0441. \u0423\u0442 \u043a\u0438\u0441 \u0430\u043c\u0435\u0442 \u0430\u0443\u043a\u0442\u043e\u0440 \u0434\u043e\u043d\u0435\u0446 \u043c\u0430\u0441\u0430 \u0432\u0438\u0432\u0435\u0440\u0430\u043d\u0443\u043b\u0430. \u0412\u0435\u043b \u0443\u0442 \u043b\u0430\u0446\u0438\u043d\u0438\u0458\u0430 \u043f\u043e\u0441\u0430\u0443\u0440\u0435 \u0435\u0433\u0435\u0442\u0430 \u0445\u0430\u0431\u0438\u0442\u0430\u043d\u0442 \u0435\u043d\u0438\u043c \u043f\u043b\u0430\u0442\u0435\u0430. \u0412\u0435\u043b \u0443\u0442 \u043b\u0430\u0446\u0438\u043d\u0438\u0458\u0430 \u043f\u043e\u0441\u0430\u0443\u0440\u0435 \u0435\u0433\u0435\u0442\u0430 \u0445\u0430\u0431\u0438\u0442\u0430\u043d\u0442 \u0435\u043d\u0438\u043c \u043f\u043b\u0430\u0442\u0435\u0430.\n<\/div>\n<\/div>\n<\/div><\/div><\/div>\n<\/section>","protected":false},"excerpt":{"rendered":"<p>Tehni\u010dna podpora Za servis aparatov pokli\u010dite +386 31 750 699 Pokli\u010dite zdaj Na\u0161e blagovne znamke O tehni\u010dni podpori Lorem ipsum dolor sit amet consectetur. Cras consequat dis aenean tristique lacus. Ut quis amet auctor donec massa viverra nulla. Vel ut lacinia posuere eget habitant enim platea. Vel ut lacinia posuere eget habitant enim platea. Kdo [&hellip;]<\/p>","protected":false},"author":1,"featured_media":0,"parent":0,"menu_order":0,"comment_status":"closed","ping_status":"closed","template":"","meta":{"_acf_changed":false,"inline_featured_image":false,"_breakdance_hide_in_design_set":false,"_breakdance_tags":"","footnotes":""},"class_list":["post-268","page","type-page","status-publish","hentry"],"acf":[],"_links":{"self":[{"href":"https:\/\/pulito-solutions.si\/sr\/wp-json\/wp\/v2\/pages\/268","targetHints":{"allow":["GET"]}}],"collection":[{"href":"https:\/\/pulito-solutions.si\/sr\/wp-json\/wp\/v2\/pages"}],"about":[{"href":"https:\/\/pulito-solutions.si\/sr\/wp-json\/wp\/v2\/types\/page"}],"author":[{"embeddable":true,"href":"https:\/\/pulito-solutions.si\/sr\/wp-json\/wp\/v2\/users\/1"}],"replies":[{"embeddable":true,"href":"https:\/\/pulito-solutions.si\/sr\/wp-json\/wp\/v2\/comments?post=268"}],"version-history":[{"count":63,"href":"https:\/\/pulito-solutions.si\/sr\/wp-json\/wp\/v2\/pages\/268\/revisions"}],"predecessor-version":[{"id":3615,"href":"https:\/\/pulito-solutions.si\/sr\/wp-json\/wp\/v2\/pages\/268\/revisions\/3615"}],"wp:attachment":[{"href":"https:\/\/pulito-solutions.si\/sr\/wp-json\/wp\/v2\/media?parent=268"}],"curies":[{"name":"wp","href":"https:\/\/api.w.org\/{rel}","templated":true}]}}